{"id":269,"date":"2015-05-30T21:50:29","date_gmt":"2015-05-30T21:50:29","guid":{"rendered":"https:\/\/www.fed-deontologie.be\/home\/"},"modified":"2020-01-24T11:28:13","modified_gmt":"2020-01-24T10:28:13","slug":"home","status":"publish","type":"page","link":"https:\/\/www.fed-deontologie.be\/de\/home\/","title":{"rendered":"Accueil"},"content":{"rendered":"[vc_row full_width=&#8220;stretch_row&#8220; column_spacing=&#8220;0px&#8220; wpex_bg_overlay=&#8220;dark&#8220; bg_style=&#8220;stretch&#8220; css=&#8220;.vc_custom_1579798188270{padding-top: 100px !important;padding-bottom: 100px !important;background: #222222 url(https:\/\/www.fed-deontologie.be\/wp-content\/uploads\/2020\/01\/Palais_de_la_Nation169-scaled.jpg?id=218) !important;background-position: center !important;background-repeat: no-repeat !important;background-size: cover !important;}&#8220;][vc_column]<h1 class=\"vcex-module vcex-heading vcex-heading-plain  wpb_animate_when_almost_visible wpb_fadeIn fadeIn\" style=\"color:#2f854f;font-size:38px;text-align:center;\"><span class=\"vcex-heading-inner clr\">La Commission f\u00e9d\u00e9rale de d\u00e9ontologie<\/span><\/h1>[vc_column_text css_animation=&#8220;fadeIn&#8220; width=&#8220;550px&#8220; color=&#8220;#ffffff&#8220; font_size=&#8220;18px&#8220;]\n<p style=\"text-align: center;\">est un organe permanent relevant de la Chambre des repr\u00e9sentants compos\u00e9 d\u2019anciens magistrats, d\u2019anciens membres du Parlement f\u00e9d\u00e9ral et d\u2019anciens mandataires publics, charg\u00e9e de rendre des avis et des recommandations sur des questions d\u00e9ontologiques.<\/p>\n[\/vc_column_text][vc_empty_space height=&#8220;20px&#8220;]<div class=\"textcenter theme-button-wrap clr\"><a href=\"https:\/\/www.groupsef.com\/deontologie\/mission\/\" class=\"vcex-button theme-button medium align-center inline animate-on-hover\" style=\"background:#2f854f;\" data-wpex-hover='{&quot;background&quot;:&quot;#70635c&quot;}'><span class=\"theme-button-inner\">En savoir +<\/span><\/a><\/div> [\/vc_column][\/vc_row][vc_row full_width=&#8220;stretch_row&#8220; css=&#8220;.vc_custom_1579731281994{padding-top: 50px !important;padding-bottom: 0px !important;background-color: #f7f7f7 !important;background-position: 0 0 !important;background-repeat: no-repeat !important;}&#8220;][vc_column typography_style=&#8220;white&#8220; width=&#8220;1\/3&#8243; css=&#8220;.vc_custom_1579731821456{margin-left: 2px !important;border-right-width: 2px !important;padding-top: 10px !important;padding-right: 10px !important;padding-bottom: 10px !important;padding-left: 10px !important;background-color: #f5a623 !important;}&#8220; min_height=&#8220;250px&#8220;]<div class=\"vcex-module vcex-icon-box clr vcex-icon-box-two vcex-icon-box-wo-icon textcenter  vc_custom_1579796399617\"><a href=\"https:\/\/www.fed-deontologie.be\/legislation\/\" class=\"vcex-icon-box-link\"><h2 class=\"vcex-icon-box-heading\" style=\"font-weight:500;color:#ffffff;font-size:20px;\">L\u00e9gislation<\/h2><\/a><div class=\"vcex-icon-box-content clr\" style=\"color:#ffffff;\"><p><span style=\"color: #ffffff\">Lorem ipsum dolor sit amet, consectetur adipiscing elit. Sed eu ex arcu. Sed id feugiat turpis. Aliquam imperdiet facilisis justo ut posuere. Duis feugiat tellus eu libero feugiat efficitur. Phasellus accumsan sed dolor nec imperdiet. <\/span><\/p>\n<\/div><\/div>[\/vc_column][vc_column width=&#8220;1\/3&#8243; css=&#8220;.vc_custom_1469027482750{padding-top: 10px !important;padding-right: 10px !important;padding-bottom: 10px !important;padding-left: 10px !important;background-color: #5ab24e !important;}&#8220; min_height=&#8220;250px&#8220;]<div class=\"vcex-module vcex-icon-box clr vcex-icon-box-two vcex-icon-box-wo-icon textcenter  vc_custom_1579796319575\"><a href=\"https:\/\/www.fed-deontologie.be\/avis\/\" class=\"vcex-icon-box-link\"><h2 class=\"vcex-icon-box-heading\" style=\"font-weight:500;color:#ffffff;font-size:20px;\">Avis<\/h2><\/a><div class=\"vcex-icon-box-content clr\" style=\"color:#ffffff;\"><p><span style=\"color: #ffffff\">Lorem ipsum dolor sit amet, consectetur adipiscing elit. Sed eu ex arcu. Sed id feugiat turpis. Aliquam imperdiet facilisis justo ut posuere. Duis feugiat tellus eu libero feugiat efficitur. Phasellus accumsan sed dolor nec imperdiet. <\/span><\/p>\n<\/div><\/div>[\/vc_column][vc_column width=&#8220;1\/3&#8243; css=&#8220;.vc_custom_1469027857378{border-width: 10px !important;background-color: #35a7dc !important;}&#8220; min_height=&#8220;250px&#8220;]<div class=\"vcex-module vcex-icon-box clr vcex-icon-box-two vcex-icon-box-wo-icon textcenter  vc_custom_1579796331188\"><a href=\"https:\/\/www.fed-deontologie.be\/rapports-annuels\/\" class=\"vcex-icon-box-link\"><h2 class=\"vcex-icon-box-heading\" style=\"font-weight:500;color:#ffffff;font-size:20px;\">Rapports annuels<\/h2><\/a><div class=\"vcex-icon-box-content clr\" style=\"color:#ffffff;\"><p><span style=\"color: #ffffff\">Lorem ipsum dolor sit amet, consectetur adipiscing elit. Sed eu ex arcu. Sed id feugiat turpis. Aliquam imperdiet facilisis justo ut posuere. Duis feugiat tellus eu libero feugiat efficitur. Phasellus accumsan sed dolor nec imperdiet. <\/span><\/p>\n<\/div><\/div>[\/vc_column][\/vc_row][vc_row full_width=&#8220;stretch_row&#8220; css=&#8220;.vc_custom_1579731372239{background-color: #f7f7f7 !important;}&#8220;][vc_column][vc_empty_space height=&#8220;20px&#8220;]<div class=\"textcenter theme-button-wrap clr\"><a href=\"https:\/\/www.groupsef.com\/deontologie\/contact\/\" class=\"vcex-button theme-button align-center inline animate-on-hover\" style=\"background:#70635c;font-size:18px;\" data-wpex-hover='{&quot;background&quot;:&quot;#2f854f&quot;}'><span class=\"theme-button-inner\">Contact<span class=\"vcex-icon-wrap theme-button-icon-right\"><span class=\"ticon ticon-chevron-right\" aria-hidden=\"true\"><\/span><\/span><\/span><\/a><\/div> <div class=\"vcex-spacing\" style=\"height:30px\"><\/div>[\/vc_column][\/vc_row]\n","protected":false},"excerpt":{"rendered":"<p>[vc_row full_width=&#8220;stretch_row&#8220; column_spacing=&#8220;0px&#8220; wpex_bg_overlay=&#8220;dark&#8220; bg_style=&#8220;stretch&#8220; css=&#8220;.vc_custom_1579798188270{padding-top: 100px !important;padding-bottom: 100px !important;background: #222222 url(https:\/\/www.fed-deontologie.be\/wp-content\/uploads\/2020\/01\/Palais_de_la_Nation169-scaled.jpg?id=218) !important;background-position: center !important;background-repeat: no-repeat !important;background-size: cover !important;}&#8220;][vc_column][vc_column_text css_animation=&#8220;fadeIn&#8220; width=&#8220;550px&#8220; color=&#8220;#ffffff&#8220; font_size=&#8220;18px&#8220;] est un organe permanent relevant de la Chambre des repr\u00e9sentants compos\u00e9 d\u2019anciens magistrats, d\u2019anciens membres du Parlement&hellip;<\/p>\n","protected":false},"author":1,"featured_media":0,"parent":0,"menu_order":0,"comment_status":"open","ping_status":"open","template":"","meta":{"footnotes":""},"class_list":["post-269","page","type-page","status-publish","hentry","entry","no-media"],"_links":{"self":[{"href":"https:\/\/www.fed-deontologie.be\/de\/wp-json\/wp\/v2\/pages\/269","targetHints":{"allow":["GET"]}}],"collection":[{"href":"https:\/\/www.fed-deontologie.be\/de\/wp-json\/wp\/v2\/pages"}],"about":[{"href":"https:\/\/www.fed-deontologie.be\/de\/wp-json\/wp\/v2\/types\/page"}],"author":[{"embeddable":true,"href":"https:\/\/www.fed-deontologie.be\/de\/wp-json\/wp\/v2\/users\/1"}],"replies":[{"embeddable":true,"href":"https:\/\/www.fed-deontologie.be\/de\/wp-json\/wp\/v2\/comments?post=269"}],"version-history":[{"count":1,"href":"https:\/\/www.fed-deontologie.be\/de\/wp-json\/wp\/v2\/pages\/269\/revisions"}],"predecessor-version":[{"id":271,"href":"https:\/\/www.fed-deontologie.be\/de\/wp-json\/wp\/v2\/pages\/269\/revisions\/271"}],"wp:attachment":[{"href":"https:\/\/www.fed-deontologie.be\/de\/wp-json\/wp\/v2\/media?parent=269"}],"curies":[{"name":"wp","href":"https:\/\/api.w.org\/{rel}","templated":true}]}}