{"id":400,"date":"2015-05-30T21:47:27","date_gmt":"2015-05-30T19:47:27","guid":{"rendered":"https:\/\/www.fed-deontologie.be\/membres\/"},"modified":"2025-12-01T15:09:39","modified_gmt":"2025-12-01T14:09:39","slug":"leden","status":"publish","type":"page","link":"https:\/\/www.fed-deontologie.be\/nl\/leden\/","title":{"rendered":"Leden"},"content":{"rendered":"[vc_row disable_element=&#8221;yes&#8221; css=&#8221;.vc_custom_1580829711371{padding-top: 50px !important;}&#8221;][vc_column]<div class=\"vcex-module vcex-heading vcex-heading-plain\" style=\"font-size:28px;text-align:center;\"><span class=\"vcex-heading-inner clr\">Membres de la Commission f\u00e9d\u00e9rale de d\u00e9ontologie<\/span><\/div><div class=\"vcex-module vcex-divider vcex-divider-solid\" style=\"width:50px;margin-top:30px;margin-bottom:60px;border-top-width:2px;\"><\/div><div class=\"vcex-module vcex-staff-grid-wrap clr\"><div class=\"wpex-row vcex-staff-grid entries wpex-clr gap-30\"><div class=\"staff-entry vcex-grid-item span_1_of_4 textcenter col col-1 post-407 entry type-staff has-media translation_priority-12\"><div class=\"staff-entry-inner entry-inner clr\"><div class=\"staff-entry-media entry-media wpex-clr\"><img loading=\"lazy\" decoding=\"async\" src=\"https:\/\/www.fed-deontologie.be\/wp-content\/uploads\/2022\/03\/Deontologische-commissie-0165-300x300.jpg\" alt='' data-rjs=\"https:\/\/www.fed-deontologie.be\/wp-content\/uploads\/2022\/03\/Deontologische-commissie-0165-scaled-300x300@2x.jpg\" width=\"300\" height=\"300\" \/><\/div><div class=\"staff-entry-details entry-details wpex-clr\"><h2 class=\"staff-entry-title entry-title\" style=\"font-weight:400;\">Fran\u00e7oise TULKENS<\/h2><div class=\"staff-entry-position\" style=\"font-size:14px;color:#d35400;\">Voorzitster<\/div><\/div><\/div><\/div><div class=\"staff-entry vcex-grid-item span_1_of_4 textcenter col col-2 post-426 entry type-staff has-media translation_priority-12\"><div class=\"staff-entry-inner entry-inner clr\"><div class=\"staff-entry-media entry-media wpex-clr\"><img loading=\"lazy\" decoding=\"async\" src=\"https:\/\/www.fed-deontologie.be\/wp-content\/uploads\/2015\/05\/commssie-deontologie-willems-300x300.jpg\" alt='' data-rjs=\"https:\/\/www.fed-deontologie.be\/wp-content\/uploads\/2015\/05\/commssie-deontologie-willems-300x300@2x.jpg\" width=\"300\" height=\"300\" \/><\/div><div class=\"staff-entry-details entry-details wpex-clr\"><h2 class=\"staff-entry-title entry-title\" style=\"font-weight:400;\">Luc WILLEMS<\/h2><div class=\"staff-entry-position\" style=\"font-size:14px;color:#d35400;\">Voorzitter<\/div><\/div><\/div><\/div><div class=\"staff-entry vcex-grid-item span_1_of_4 textcenter col col-3 post-1083 entry type-staff has-media translation_priority-12\"><div class=\"staff-entry-inner entry-inner clr\"><div class=\"staff-entry-media entry-media wpex-clr\"><img loading=\"lazy\" decoding=\"async\" src=\"https:\/\/www.fed-deontologie.be\/wp-content\/uploads\/2022\/03\/Deontologische-commissie-0152-300x300.jpg\" alt='' data-rjs=\"https:\/\/www.fed-deontologie.be\/wp-content\/uploads\/2022\/03\/Deontologische-commissie-0152-scaled-300x300@2x.jpg\" width=\"300\" height=\"300\" \/><\/div><div class=\"staff-entry-details entry-details wpex-clr\"><h2 class=\"staff-entry-title entry-title\" style=\"font-weight:400;\">Alice BAUDINE<\/h2><\/div><\/div><\/div><div class=\"staff-entry vcex-grid-item span_1_of_4 textcenter col col-4 post-415 entry type-staff has-media\"><div class=\"staff-entry-inner entry-inner clr\"><div class=\"staff-entry-media entry-media wpex-clr\"><img loading=\"lazy\" decoding=\"async\" src=\"https:\/\/www.fed-deontologie.be\/wp-content\/uploads\/2015\/05\/boutmans-300x300.jpg\" alt='' data-rjs=\"https:\/\/www.fed-deontologie.be\/wp-content\/uploads\/2015\/05\/boutmans-300x300@2x.jpg\" width=\"300\" height=\"300\" \/><\/div><div class=\"staff-entry-details entry-details wpex-clr\"><h2 class=\"staff-entry-title entry-title\" style=\"font-weight:400;\">Eddy BOUTMANS<\/h2><\/div><\/div><\/div><div class=\"staff-entry vcex-grid-item span_1_of_4 textcenter col col-1 post-419 entry type-staff has-media\"><div class=\"staff-entry-inner entry-inner clr\"><div class=\"staff-entry-media entry-media wpex-clr\"><img loading=\"lazy\" decoding=\"async\" src=\"https:\/\/www.fed-deontologie.be\/wp-content\/uploads\/2015\/05\/commssie-deontologie-deroo-300x300.jpg\" alt='' data-rjs=\"https:\/\/www.fed-deontologie.be\/wp-content\/uploads\/2015\/05\/commssie-deontologie-deroo-300x300@2x.jpg\" width=\"300\" height=\"300\" \/><\/div><div class=\"staff-entry-details entry-details wpex-clr\"><h2 class=\"staff-entry-title entry-title\" style=\"font-weight:400;\">Johan DE ROO<\/h2><\/div><\/div><\/div><div class=\"staff-entry vcex-grid-item span_1_of_4 textcenter col col-2 post-1628 entry type-staff has-media translation_priority-12\"><div class=\"staff-entry-inner entry-inner clr\"><div class=\"staff-entry-media entry-media wpex-clr\"><img loading=\"lazy\" decoding=\"async\" src=\"https:\/\/www.fed-deontologie.be\/wp-content\/uploads\/2025\/09\/Deontologische-commissie-0120-scaled-300x300.jpg\" alt=\"Willem DRAPS\" data-rjs=\"https:\/\/www.fed-deontologie.be\/wp-content\/uploads\/2025\/09\/Deontologische-commissie-0120-scaled-300x300@2x.jpg\" width=\"300\" height=\"300\" \/><\/div><div class=\"staff-entry-details entry-details wpex-clr\"><h2 class=\"staff-entry-title entry-title\" style=\"font-weight:400;\">Willem DRAPS<\/h2><\/div><\/div><\/div><div class=\"staff-entry vcex-grid-item span_1_of_4 textcenter col col-3 post-441 entry type-staff has-media\"><div class=\"staff-entry-inner entry-inner clr\"><div class=\"staff-entry-media entry-media wpex-clr\"><img loading=\"lazy\" decoding=\"async\" src=\"https:\/\/www.fed-deontologie.be\/wp-content\/uploads\/2015\/05\/Herzet-300x300.jpg\" alt='' data-rjs=\"https:\/\/www.fed-deontologie.be\/wp-content\/uploads\/2015\/05\/Herzet-300x300@2x.jpg\" width=\"300\" height=\"300\" \/><\/div><div class=\"staff-entry-details entry-details wpex-clr\"><h2 class=\"staff-entry-title entry-title\" style=\"font-weight:400;\">Jacqueline HERZET<\/h2><\/div><\/div><\/div><div class=\"staff-entry vcex-grid-item span_1_of_4 textcenter col col-4 post-435 entry type-staff has-media\"><div class=\"staff-entry-inner entry-inner clr\"><div class=\"staff-entry-media entry-media wpex-clr\"><img loading=\"lazy\" decoding=\"async\" src=\"https:\/\/www.fed-deontologie.be\/wp-content\/uploads\/2015\/05\/commssie-deontologie-Laloy-300x300.jpg\" alt='' data-rjs=\"https:\/\/www.fed-deontologie.be\/wp-content\/uploads\/2015\/05\/commssie-deontologie-Laloy-300x300@2x.jpg\" width=\"300\" height=\"300\" \/><\/div><div class=\"staff-entry-details entry-details wpex-clr\"><h2 class=\"staff-entry-title entry-title\" style=\"font-weight:400;\">Marie-Jos\u00e9 LALOY<\/h2><\/div><\/div><\/div><div class=\"staff-entry vcex-grid-item span_1_of_4 textcenter col col-1 post-1080 entry type-staff has-media translation_priority-12\"><div class=\"staff-entry-inner entry-inner clr\"><div class=\"staff-entry-media entry-media wpex-clr\"><img loading=\"lazy\" decoding=\"async\" src=\"https:\/\/www.fed-deontologie.be\/wp-content\/uploads\/2022\/03\/STORME-Matthias-\u2642N-310006050-300x300.jpg\" alt='' data-no-retina width=\"300\" height=\"300\" \/><\/div><div class=\"staff-entry-details entry-details wpex-clr\"><h2 class=\"staff-entry-title entry-title\" style=\"font-weight:400;\">Matthias STORME<\/h2><\/div><\/div><\/div><div class=\"staff-entry vcex-grid-item span_1_of_4 textcenter col col-2 post-1078 entry type-staff has-media translation_priority-12\"><div class=\"staff-entry-inner entry-inner clr\"><div class=\"staff-entry-media entry-media wpex-clr\"><img loading=\"lazy\" decoding=\"async\" src=\"https:\/\/www.fed-deontologie.be\/wp-content\/uploads\/2022\/03\/Deontologische-commissie-0158-300x300.jpg\" alt='' data-rjs=\"https:\/\/www.fed-deontologie.be\/wp-content\/uploads\/2022\/03\/Deontologische-commissie-0158-scaled-300x300@2x.jpg\" width=\"300\" height=\"300\" \/><\/div><div class=\"staff-entry-details entry-details wpex-clr\"><h2 class=\"staff-entry-title entry-title\" style=\"font-weight:400;\">Edith VAN DEN BROECK<\/h2><\/div><\/div><\/div><div class=\"staff-entry vcex-grid-item span_1_of_4 textcenter col col-3 post-1631 entry type-staff has-media translation_priority-12\"><div class=\"staff-entry-inner entry-inner clr\"><div class=\"staff-entry-media entry-media wpex-clr\"><img loading=\"lazy\" decoding=\"async\" src=\"https:\/\/www.fed-deontologie.be\/wp-content\/uploads\/2025\/09\/Deontologische-commissie-0112-Edit-scaled-300x300.jpg\" alt='' data-rjs=\"https:\/\/www.fed-deontologie.be\/wp-content\/uploads\/2025\/09\/Deontologische-commissie-0112-Edit-scaled-300x300@2x.jpg\" width=\"300\" height=\"300\" \/><\/div><div class=\"staff-entry-details entry-details wpex-clr\"><h2 class=\"staff-entry-title entry-title\" style=\"font-weight:400;\">Dirk VAN DER MAELEN<\/h2><\/div><\/div><\/div><div class=\"staff-entry vcex-grid-item span_1_of_4 textcenter col col-4 post-429 entry type-staff has-media\"><div class=\"staff-entry-inner entry-inner clr\"><div class=\"staff-entry-media entry-media wpex-clr\"><img loading=\"lazy\" decoding=\"async\" src=\"https:\/\/www.fed-deontologie.be\/wp-content\/uploads\/2015\/05\/wathelet-300x300.jpg\" alt='' data-rjs=\"https:\/\/www.fed-deontologie.be\/wp-content\/uploads\/2015\/05\/wathelet-300x300@2x.jpg\" width=\"300\" height=\"300\" \/><\/div><div class=\"staff-entry-details entry-details wpex-clr\"><h2 class=\"staff-entry-title entry-title\" style=\"font-weight:400;\">Melchior WATHELET<\/h2><\/div><\/div><\/div><\/div><\/div>[\/vc_column][\/vc_row][vc_row css=&#8221;.vc_custom_1489786556428{padding-top: 50px !important;}&#8221;][vc_column]<div class=\"vcex-module vcex-staff-grid-wrap clr\"><div class=\"wpex-row vcex-staff-grid entries wpex-clr gap-30\"><div class=\"staff-entry vcex-grid-item span_1_of_4 textcenter col col-1 post-407 entry type-staff has-media translation_priority-12\"><div class=\"staff-entry-inner entry-inner clr\"><div class=\"staff-entry-media entry-media wpex-clr\"><img loading=\"lazy\" decoding=\"async\" src=\"https:\/\/www.fed-deontologie.be\/wp-content\/uploads\/2022\/03\/Deontologische-commissie-0165-300x300.jpg\" alt='' data-rjs=\"https:\/\/www.fed-deontologie.be\/wp-content\/uploads\/2022\/03\/Deontologische-commissie-0165-scaled-300x300@2x.jpg\" width=\"300\" height=\"300\" \/><\/div><div class=\"staff-entry-details entry-details wpex-clr\"><h2 class=\"staff-entry-title entry-title\" style=\"font-weight:400;\">Fran\u00e7oise TULKENS<\/h2><div class=\"staff-entry-position\" style=\"font-size:14px;color:#d35400;\">Voorzitster<\/div><\/div><\/div><\/div><div class=\"staff-entry vcex-grid-item span_1_of_4 textcenter col col-2 post-426 entry type-staff has-media translation_priority-12\"><div class=\"staff-entry-inner entry-inner clr\"><div class=\"staff-entry-media entry-media wpex-clr\"><img loading=\"lazy\" decoding=\"async\" src=\"https:\/\/www.fed-deontologie.be\/wp-content\/uploads\/2015\/05\/commssie-deontologie-willems-300x300.jpg\" alt='' data-rjs=\"https:\/\/www.fed-deontologie.be\/wp-content\/uploads\/2015\/05\/commssie-deontologie-willems-300x300@2x.jpg\" width=\"300\" height=\"300\" \/><\/div><div class=\"staff-entry-details entry-details wpex-clr\"><h2 class=\"staff-entry-title entry-title\" style=\"font-weight:400;\">Luc WILLEMS<\/h2><div class=\"staff-entry-position\" style=\"font-size:14px;color:#d35400;\">Voorzitter<\/div><\/div><\/div><\/div><div class=\"staff-entry vcex-grid-item span_1_of_4 textcenter col col-3 post-1083 entry type-staff has-media translation_priority-12\"><div class=\"staff-entry-inner entry-inner clr\"><div class=\"staff-entry-media entry-media wpex-clr\"><img loading=\"lazy\" decoding=\"async\" src=\"https:\/\/www.fed-deontologie.be\/wp-content\/uploads\/2022\/03\/Deontologische-commissie-0152-300x300.jpg\" alt='' data-rjs=\"https:\/\/www.fed-deontologie.be\/wp-content\/uploads\/2022\/03\/Deontologische-commissie-0152-scaled-300x300@2x.jpg\" width=\"300\" height=\"300\" \/><\/div><div class=\"staff-entry-details entry-details wpex-clr\"><h2 class=\"staff-entry-title entry-title\" style=\"font-weight:400;\">Alice BAUDINE<\/h2><\/div><\/div><\/div><div class=\"staff-entry vcex-grid-item span_1_of_4 textcenter col col-4 post-415 entry type-staff has-media\"><div class=\"staff-entry-inner entry-inner clr\"><div class=\"staff-entry-media entry-media wpex-clr\"><img loading=\"lazy\" decoding=\"async\" src=\"https:\/\/www.fed-deontologie.be\/wp-content\/uploads\/2015\/05\/boutmans-300x300.jpg\" alt='' data-rjs=\"https:\/\/www.fed-deontologie.be\/wp-content\/uploads\/2015\/05\/boutmans-300x300@2x.jpg\" width=\"300\" height=\"300\" \/><\/div><div class=\"staff-entry-details entry-details wpex-clr\"><h2 class=\"staff-entry-title entry-title\" style=\"font-weight:400;\">Eddy BOUTMANS<\/h2><\/div><\/div><\/div><div class=\"staff-entry vcex-grid-item span_1_of_4 textcenter col col-1 post-419 entry type-staff has-media\"><div class=\"staff-entry-inner entry-inner clr\"><div class=\"staff-entry-media entry-media wpex-clr\"><img loading=\"lazy\" decoding=\"async\" src=\"https:\/\/www.fed-deontologie.be\/wp-content\/uploads\/2015\/05\/commssie-deontologie-deroo-300x300.jpg\" alt='' data-rjs=\"https:\/\/www.fed-deontologie.be\/wp-content\/uploads\/2015\/05\/commssie-deontologie-deroo-300x300@2x.jpg\" width=\"300\" height=\"300\" \/><\/div><div class=\"staff-entry-details entry-details wpex-clr\"><h2 class=\"staff-entry-title entry-title\" style=\"font-weight:400;\">Johan DE ROO<\/h2><\/div><\/div><\/div><div class=\"staff-entry vcex-grid-item span_1_of_4 textcenter col col-2 post-1628 entry type-staff has-media translation_priority-12\"><div class=\"staff-entry-inner entry-inner clr\"><div class=\"staff-entry-media entry-media wpex-clr\"><img loading=\"lazy\" decoding=\"async\" src=\"https:\/\/www.fed-deontologie.be\/wp-content\/uploads\/2025\/09\/Deontologische-commissie-0120-scaled-300x300.jpg\" alt=\"Willem DRAPS\" data-rjs=\"https:\/\/www.fed-deontologie.be\/wp-content\/uploads\/2025\/09\/Deontologische-commissie-0120-scaled-300x300@2x.jpg\" width=\"300\" height=\"300\" \/><\/div><div class=\"staff-entry-details entry-details wpex-clr\"><h2 class=\"staff-entry-title entry-title\" style=\"font-weight:400;\">Willem DRAPS<\/h2><\/div><\/div><\/div><div class=\"staff-entry vcex-grid-item span_1_of_4 textcenter col col-3 post-441 entry type-staff has-media\"><div class=\"staff-entry-inner entry-inner clr\"><div class=\"staff-entry-media entry-media wpex-clr\"><img loading=\"lazy\" decoding=\"async\" src=\"https:\/\/www.fed-deontologie.be\/wp-content\/uploads\/2015\/05\/Herzet-300x300.jpg\" alt='' data-rjs=\"https:\/\/www.fed-deontologie.be\/wp-content\/uploads\/2015\/05\/Herzet-300x300@2x.jpg\" width=\"300\" height=\"300\" \/><\/div><div class=\"staff-entry-details entry-details wpex-clr\"><h2 class=\"staff-entry-title entry-title\" style=\"font-weight:400;\">Jacqueline HERZET<\/h2><\/div><\/div><\/div><div class=\"staff-entry vcex-grid-item span_1_of_4 textcenter col col-4 post-435 entry type-staff has-media\"><div class=\"staff-entry-inner entry-inner clr\"><div class=\"staff-entry-media entry-media wpex-clr\"><img loading=\"lazy\" decoding=\"async\" src=\"https:\/\/www.fed-deontologie.be\/wp-content\/uploads\/2015\/05\/commssie-deontologie-Laloy-300x300.jpg\" alt='' data-rjs=\"https:\/\/www.fed-deontologie.be\/wp-content\/uploads\/2015\/05\/commssie-deontologie-Laloy-300x300@2x.jpg\" width=\"300\" height=\"300\" \/><\/div><div class=\"staff-entry-details entry-details wpex-clr\"><h2 class=\"staff-entry-title entry-title\" style=\"font-weight:400;\">Marie-Jos\u00e9 LALOY<\/h2><\/div><\/div><\/div><div class=\"staff-entry vcex-grid-item span_1_of_4 textcenter col col-1 post-1080 entry type-staff has-media translation_priority-12\"><div class=\"staff-entry-inner entry-inner clr\"><div class=\"staff-entry-media entry-media wpex-clr\"><img loading=\"lazy\" decoding=\"async\" src=\"https:\/\/www.fed-deontologie.be\/wp-content\/uploads\/2022\/03\/STORME-Matthias-\u2642N-310006050-300x300.jpg\" alt='' data-no-retina width=\"300\" height=\"300\" \/><\/div><div class=\"staff-entry-details entry-details wpex-clr\"><h2 class=\"staff-entry-title entry-title\" style=\"font-weight:400;\">Matthias STORME<\/h2><\/div><\/div><\/div><div class=\"staff-entry vcex-grid-item span_1_of_4 textcenter col col-2 post-1078 entry type-staff has-media translation_priority-12\"><div class=\"staff-entry-inner entry-inner clr\"><div class=\"staff-entry-media entry-media wpex-clr\"><img loading=\"lazy\" decoding=\"async\" src=\"https:\/\/www.fed-deontologie.be\/wp-content\/uploads\/2022\/03\/Deontologische-commissie-0158-300x300.jpg\" alt='' data-rjs=\"https:\/\/www.fed-deontologie.be\/wp-content\/uploads\/2022\/03\/Deontologische-commissie-0158-scaled-300x300@2x.jpg\" width=\"300\" height=\"300\" \/><\/div><div class=\"staff-entry-details entry-details wpex-clr\"><h2 class=\"staff-entry-title entry-title\" style=\"font-weight:400;\">Edith VAN DEN BROECK<\/h2><\/div><\/div><\/div><div class=\"staff-entry vcex-grid-item span_1_of_4 textcenter col col-3 post-1631 entry type-staff has-media translation_priority-12\"><div class=\"staff-entry-inner entry-inner clr\"><div class=\"staff-entry-media entry-media wpex-clr\"><img loading=\"lazy\" decoding=\"async\" src=\"https:\/\/www.fed-deontologie.be\/wp-content\/uploads\/2025\/09\/Deontologische-commissie-0112-Edit-scaled-300x300.jpg\" alt='' data-rjs=\"https:\/\/www.fed-deontologie.be\/wp-content\/uploads\/2025\/09\/Deontologische-commissie-0112-Edit-scaled-300x300@2x.jpg\" width=\"300\" height=\"300\" \/><\/div><div class=\"staff-entry-details entry-details wpex-clr\"><h2 class=\"staff-entry-title entry-title\" style=\"font-weight:400;\">Dirk VAN DER MAELEN<\/h2><\/div><\/div><\/div><div class=\"staff-entry vcex-grid-item span_1_of_4 textcenter col col-4 post-429 entry type-staff has-media\"><div class=\"staff-entry-inner entry-inner clr\"><div class=\"staff-entry-media entry-media wpex-clr\"><img loading=\"lazy\" decoding=\"async\" src=\"https:\/\/www.fed-deontologie.be\/wp-content\/uploads\/2015\/05\/wathelet-300x300.jpg\" alt='' data-rjs=\"https:\/\/www.fed-deontologie.be\/wp-content\/uploads\/2015\/05\/wathelet-300x300@2x.jpg\" width=\"300\" height=\"300\" \/><\/div><div class=\"staff-entry-details entry-details wpex-clr\"><h2 class=\"staff-entry-title entry-title\" style=\"font-weight:400;\">Melchior WATHELET<\/h2><\/div><\/div><\/div><\/div><\/div>[\/vc_column][\/vc_row]\n","protected":false},"excerpt":{"rendered":"<p>[vc_row disable_element=&#8221;yes&#8221; css=&#8221;.vc_custom_1580829711371{padding-top: 50px !important;}&#8221;][vc_column][\/vc_column][\/vc_row][vc_row css=&#8221;.vc_custom_1489786556428{padding-top: 50px !important;}&#8221;][vc_column][\/vc_column][\/vc_row]<\/p>\n","protected":false},"author":1,"featured_media":0,"parent":0,"menu_order":0,"comment_status":"open","ping_status":"open","template":"","meta":{"footnotes":""},"class_list":["post-400","page","type-page","status-publish","hentry","entry","no-media"],"_links":{"self":[{"href":"https:\/\/www.fed-deontologie.be\/nl\/wp-json\/wp\/v2\/pages\/400","targetHints":{"allow":["GET"]}}],"collection":[{"href":"https:\/\/www.fed-deontologie.be\/nl\/wp-json\/wp\/v2\/pages"}],"about":[{"href":"https:\/\/www.fed-deontologie.be\/nl\/wp-json\/wp\/v2\/types\/page"}],"author":[{"embeddable":true,"href":"https:\/\/www.fed-deontologie.be\/nl\/wp-json\/wp\/v2\/users\/1"}],"replies":[{"embeddable":true,"href":"https:\/\/www.fed-deontologie.be\/nl\/wp-json\/wp\/v2\/comments?post=400"}],"version-history":[{"count":2,"href":"https:\/\/www.fed-deontologie.be\/nl\/wp-json\/wp\/v2\/pages\/400\/revisions"}],"predecessor-version":[{"id":1109,"href":"https:\/\/www.fed-deontologie.be\/nl\/wp-json\/wp\/v2\/pages\/400\/revisions\/1109"}],"wp:attachment":[{"href":"https:\/\/www.fed-deontologie.be\/nl\/wp-json\/wp\/v2\/media?parent=400"}],"curies":[{"name":"wp","href":"https:\/\/api.w.org\/{rel}","templated":true}]}}