{"id":499,"date":"2020-02-21T12:06:52","date_gmt":"2020-02-21T11:06:52","guid":{"rendered":"https:\/\/www.fed-deontologie.be\/liens\/"},"modified":"2026-02-16T16:40:24","modified_gmt":"2026-02-16T15:40:24","slug":"links","status":"publish","type":"page","link":"https:\/\/www.fed-deontologie.be\/nl\/links\/","title":{"rendered":"Links"},"content":{"rendered":"[vc_row][vc_column][vc_column_text]\n<ul>\n<li>ENPE &#8211; &#8220;European Network for Public Ethics&#8221; : <a href=\"https:\/\/www.enpe-network.org\/\">https:\/\/www.enpe-network.org<\/a><\/li>\n<li class=\"m_-2549427012150130731MsoListParagraphCxSpMiddle\"><span lang=\"FR-BE\">GRECO \u2013 \u00ab Groupe d\u2019\u00e9tats contre la corruption \u00bb (orgaan van de Raad van Europa) :\u00a0 <a href=\"https:\/\/www.coe.int\/fr\/web\/greco\/home\" target=\"_blank\" rel=\"noopener noreferrer\" data-saferedirecturl=\"https:\/\/www.google.com\/url?q=https:\/\/www.coe.int\/fr\/web\/greco\/home&amp;source=gmail&amp;ust=1582368116765000&amp;usg=AFQjCNE_JtHIiRWxi8M2kANI9AWP5uS_VA\">https:\/\/www.coe.int\/fr\/web\/<wbr \/>greco\/home<\/a><u><\/u><u><\/u><\/span><\/li>\n<li><span lang=\"FR-BE\">RFEDP \u2013 \u00ab\u00a0R\u00e9seau francophone d&#8217;\u00e9thique et de d\u00e9ontologie parlementaires \u00bb\u00a0:\u00a0<a href=\"http:\/\/www.rfedp.org\/\"> www.rfedp.org<\/a><\/span><\/li>\n<li class=\"m_-2549427012150130731MsoListParagraphCxSpLast\"><span lang=\"FR-BE\">Commissaris voor ethiek en professioneel gedrag van de Parlementaire Vergadering van Quebec\u00a0:\u00a0 <a href=\"https:\/\/www.ced-qc.ca\/fr\/\" target=\"_blank\" rel=\"noopener noreferrer\" data-saferedirecturl=\"https:\/\/www.google.com\/url?q=https:\/\/www.ced-qc.ca\/fr\/&amp;source=gmail&amp;ust=1582368116765000&amp;usg=AFQjCNHGb2ja4DmjE2AwdtgegxOf36HESg\">https:\/\/www.ced-qc.ca\/<\/a><\/span><\/li>\n<\/ul>\n[\/vc_column_text][\/vc_column][\/vc_row]\n","protected":false},"excerpt":{"rendered":"<p>[vc_row][vc_column][vc_column_text] ENPE &#8211; &#8220;European Network for Public Ethics&#8221; : https:\/\/www.enpe-network.org GRECO \u2013 \u00ab Groupe d\u2019\u00e9tats contre la corruption \u00bb (orgaan van de Raad van Europa) :\u00a0 https:\/\/www.coe.int\/fr\/web\/greco\/home RFEDP \u2013 \u00ab\u00a0R\u00e9seau francophone d&#8217;\u00e9thique et de d\u00e9ontologie parlementaires \u00bb\u00a0:\u00a0 www.rfedp.org Commissaris voor&hellip;<\/p>\n","protected":false},"author":2,"featured_media":0,"parent":0,"menu_order":0,"comment_status":"closed","ping_status":"closed","template":"templates\/no-sidebar.php","meta":{"footnotes":""},"class_list":["post-499","page","type-page","status-publish","hentry","entry","no-media"],"_links":{"self":[{"href":"https:\/\/www.fed-deontologie.be\/nl\/wp-json\/wp\/v2\/pages\/499","targetHints":{"allow":["GET"]}}],"collection":[{"href":"https:\/\/www.fed-deontologie.be\/nl\/wp-json\/wp\/v2\/pages"}],"about":[{"href":"https:\/\/www.fed-deontologie.be\/nl\/wp-json\/wp\/v2\/types\/page"}],"author":[{"embeddable":true,"href":"https:\/\/www.fed-deontologie.be\/nl\/wp-json\/wp\/v2\/users\/2"}],"replies":[{"embeddable":true,"href":"https:\/\/www.fed-deontologie.be\/nl\/wp-json\/wp\/v2\/comments?post=499"}],"version-history":[{"count":4,"href":"https:\/\/www.fed-deontologie.be\/nl\/wp-json\/wp\/v2\/pages\/499\/revisions"}],"predecessor-version":[{"id":1726,"href":"https:\/\/www.fed-deontologie.be\/nl\/wp-json\/wp\/v2\/pages\/499\/revisions\/1726"}],"wp:attachment":[{"href":"https:\/\/www.fed-deontologie.be\/nl\/wp-json\/wp\/v2\/media?parent=499"}],"curies":[{"name":"wp","href":"https:\/\/api.w.org\/{rel}","templated":true}]}}